{"id":629,"date":"2015-07-22T18:29:31","date_gmt":"2015-07-22T18:29:31","guid":{"rendered":"https:\/\/ancopeconstrucciones.es\/otros-servicios-2\/"},"modified":"2021-06-03T15:28:40","modified_gmt":"2021-06-03T15:28:40","slug":"otros-servicios","status":"publish","type":"page","link":"https:\/\/ancopeconstrucciones.es\/en\/otros-servicios\/","title":{"rendered":"Otros servicios"},"content":{"rendered":"[vc_row][vc_column][vc_column_text]\r\n<h1><strong>PLATOS DE DUCHA<\/strong><\/h1>\r\n\u00a1Dale estilo y calidez a tu ba\u00f1o! Os presentamos en este apartado una selecci\u00f3n de platos de ducha de gran calidad, extraplanos y con mucho estilo. Integrados totalmente en el dise\u00f1o de tu ba\u00f1o, estos platos de ducha permiten su colocaci\u00f3n a ras del suelo, ofreciendo comodidad y dise\u00f1o.\r\n\r\n<strong>\u00a1NUEVO!<\/strong> Ahora tambi\u00e9n puedes\u00a0combinar los elementos de tu ba\u00f1o\u00a0con el mismo material y acabado \u00a1Hazlo \u00fanico![\/vc_column_text][\/vc_column][\/vc_row][vc_row][vc_column][vc_gallery type=&#8221;image_grid&#8221; images=&#8221;729,557,556,722,555,554,553,552,551&#8243;][\/vc_column][\/vc_row][vc_row][vc_column][vc_column_text]\r\n<h1><strong>ELECTRODOM\u00c9STICOS<\/strong><\/h1>\r\nSabemos que la cocina es el coraz\u00f3n del hogar, en ella se cuecen algunos de los mejores recuerdos con la familia y amigos. Por este motivo queremos cuidar al m\u00e1ximo cada detalle de ella. Si lo deseas, en tu proyecto de reforma, obra nueva o restauraci\u00f3n equipamos por completo tu cocina con todos los electrodom\u00e9sticos incluidos.\r\n\r\n\u00a1Tu casa lista para disfrutar!\r\n\r\n.[\/vc_column_text][\/vc_column][\/vc_row][vc_row][vc_column][vc_gallery type=&#8221;image_grid&#8221; images=&#8221;563,562&#8243;][\/vc_column][\/vc_row][vc_row][vc_column][vc_column_text]\r\n<h1><strong>ESTUFAS Y BARBACOAS<\/strong><\/h1>\r\nEn Ancope Construcciones disponemos de un amplio cat\u00e1logo de estufas y barbacoas de muy diversos estilos y materiales. Estaremos encantados de poder asesorarte para encontrar el modelo m\u00e1s adecuado a ese rinc\u00f3n tan c\u00e1lido de tu hogar.\r\n\r\nDisponemos de <strong>estufas de pellet<\/strong>. El pellet es un combustible econ\u00f3mico, ecol\u00f3gico y c\u00f3modo que en los \u00faltimos a\u00f1os ha revolucionado el mundo de la generaci\u00f3n de calor. Si ya tienes tu estufa puedes encontrar en nuestras instalaciones la venta directa de pellets.[\/vc_column_text][\/vc_column][\/vc_row][vc_row][vc_column][vc_gallery type=&#8221;image_grid&#8221; images=&#8221;547,546,545,544,543,542,583,582,581&#8243;][\/vc_column][\/vc_row][vc_row][vc_column][vc_column_text]\r\n<h1><strong>ACCESORIOS Y PRODUCTOS DE PISCINA<\/strong><\/h1>\r\nPara facilitar el cuidado y mantenimiento de tu piscina disponemos de una amplia variedad de productos y accesorios. Vis\u00edtanos y elige entre nuestro amplio cat\u00e1logo de productos.[\/vc_column_text][\/vc_column][\/vc_row][vc_row][vc_column][vc_gallery type=&#8221;image_grid&#8221; images=&#8221;587,588,558&#8243;][\/vc_column][\/vc_row]\r\n\r\n<h1><strong>PARKINGS Y TRASTEROS<\/strong><\/h1>\r\n\r\n<ul class=\"wp-block-list\">\r\n<li><strong>Trasteros individuales de entre 3\u00a0y 14 m2<\/strong>.<br \/>Precio desde 20 \u20ac hasta\u00a045 \u20ac + IVA.<\/li>\r\n<li><strong>Parking cerrado para veh\u00edculos<\/strong>.<br \/>Parking en solar cerrado videovigilado.<\/li>\r\n<\/ul>\r\n\r\n\r\n\r\n<p>&nbsp;<\/p>\r\n\r\n\r\n[vc_row][vc_column][vc_gallery type=&#8221;image_grid&#8221; images=&#8221;218,710&#8243;][\/vc_column][\/vc_row]\n","protected":false},"excerpt":{"rendered":"<p>[vc_row][vc_column][vc_column_text] PLATOS DE DUCHA \u00a1Dale estilo y calidez a tu ba\u00f1o! Os presentamos en este apartado una selecci\u00f3n de platos de ducha de gran calidad, extraplanos y con mucho estilo. Integrados totalmente en el dise\u00f1o de tu ba\u00f1o, estos platos de ducha permiten su colocaci\u00f3n a ras<\/p>\n","protected":false},"author":4,"featured_media":0,"parent":0,"menu_order":6,"comment_status":"closed","ping_status":"closed","template":"page-FullWidth.php","meta":{"footnotes":""},"class_list":["post-629","page","type-page","status-publish","hentry"],"_links":{"self":[{"href":"https:\/\/ancopeconstrucciones.es\/en\/wp-json\/wp\/v2\/pages\/629"}],"collection":[{"href":"https:\/\/ancopeconstrucciones.es\/en\/wp-json\/wp\/v2\/pages"}],"about":[{"href":"https:\/\/ancopeconstrucciones.es\/en\/wp-json\/wp\/v2\/types\/page"}],"author":[{"embeddable":true,"href":"https:\/\/ancopeconstrucciones.es\/en\/wp-json\/wp\/v2\/users\/4"}],"replies":[{"embeddable":true,"href":"https:\/\/ancopeconstrucciones.es\/en\/wp-json\/wp\/v2\/comments?post=629"}],"version-history":[{"count":18,"href":"https:\/\/ancopeconstrucciones.es\/en\/wp-json\/wp\/v2\/pages\/629\/revisions"}],"predecessor-version":[{"id":1085,"href":"https:\/\/ancopeconstrucciones.es\/en\/wp-json\/wp\/v2\/pages\/629\/revisions\/1085"}],"wp:attachment":[{"href":"https:\/\/ancopeconstrucciones.es\/en\/wp-json\/wp\/v2\/media?parent=629"}],"curies":[{"name":"wp","href":"https:\/\/api.w.org\/{rel}","templated":true}]}}