{"id":485,"date":"2014-08-11T09:40:11","date_gmt":"2014-08-11T09:40:11","guid":{"rendered":"https:\/\/ancopeconstrucciones.es\/?page_id=485"},"modified":"2015-01-23T12:19:15","modified_gmt":"2015-01-23T12:19:15","slug":"legal-notice","status":"publish","type":"page","link":"https:\/\/ancopeconstrucciones.es\/en\/legal-notice\/","title":{"rendered":"Legal Notice"},"content":{"rendered":"[vc_row][vc_column width=&#8221;1\/1&#8243; el_class=&#8221;section { width: 50%; margin: 0 auto; } h1 { position: relative; background: #F5F5F5; } h1:before, h1:after { content: &#8220;&#8221;; position: absolute; background: #F5F5F5; \/* Match the background *\/ top: 0; bottom: 0; width: 9999px; \/* some huge width *\/ } h1:before { right: 100%; } h1:after { left: 100%; }&#8221;][vc_column_text el_class=&#8221;section { width: 50%; margin: 0 auto; } h1 { position: relative; background: #F5F5F5; } h1:before, h1:after { content: &#8220;&#8221;; position: absolute; background: #F5F5F5; \/* Match the background *\/ top: 0; bottom: 0; width: 9999px; \/* some huge width *\/ } h1:before { right: 100%; } h1:after { left: 100%; }&#8221;]\n<h4><strong>Terms and conditions of use<\/strong><\/h4>\n<p>The User is bound to use the contents of the WebSite in an honest, correct and legal manner, complying with current legislation.<\/p>\n<p><strong>ANCOPE CONSTRUCCIONES SL.<\/strong> tries its best to avoid errors in the contents published in the WebSite. The Entity will not be held responsible for any harm which could be derived from the errors in the contents of the WebSite, including information on the WebSite relating to products or services which is offered solely for information and advertising purposes.<\/p>\n<p><strong>ANCOPE CONSTRUCCIONES SL.<\/strong> reserves the right to modify the contents offered through the WebSite at any time and cannot be held responsible for any consequences derived from said changes.<\/p>\n<h4><strong>Patent rights<\/strong><\/h4>\n<p><strong>ANCOPE CONSTRUCCIONES SL.<\/strong> is the owner of the copyright of this webpage (source code, graphic design and contents). In accordance to this, any reproduction, distribution, transformation or\/and public use is forbidden unless authorised by Ancope Construcciones S.L.<\/p>\n<p><strong>ANCOPE CONSTRUCCIONES SL.<\/strong> is the owner of the trade marks used in this web page which are protected by the current legislation on patent rights. The use of these trade marks is forbidden unless the relevant authorization had been provided.<\/p>\n<h4><strong>Links<\/strong><\/h4>\n<p>The presence of links in the WebSite, have a purely informative purpose and at no time constitute an invitation to contracting the products and or services offered on these as Ancope is no responsible and has no control over the content of these websites.<\/p>\n<h4><strong>Electronic system<\/strong><\/h4>\n<p><strong>ANCOPE CONSTRUCCIONES SL.<\/strong> is not responsible for any harm caused by interruption of electronic system and declares that it has adopted all necessary measures in order to guarantee the smooth functioning of the WebSite and to avoid the existence and transmission of viruses and other damaging components which could potentially harm users.<\/p>\n<h4><strong>Tratamiento de Datos Personales<\/strong><\/h4>\n<p>Seg\u00fan establece la Ley Org\u00e1nica 15\/1999 se informa al usuario de que sus datos ser\u00e1n incorporados a un fichero de datos de <strong>Ancope Construcciones S.L.<\/strong> con la finalidad de cumplir con su objeto social. El usuario autoriza a <strong>Ancope Construcciones S.L.<\/strong> a utilizar sus datos personales con funciones comerciales, pudiendo enviar informaciones publicitarias relacionadas con sus productos y servicios. Los datos recogidos mediante formularios, correos electr\u00f3nicos u otras v\u00edas ser\u00e1n destinados, \u00fanica y exclusivamente, a los fines indicados en el formulario que el usuario rellene.<\/p>\n<p>En todo caso el usuario tendr\u00e1 derecho a acceder, rectificar y\/o cancelar sus datos dirigi\u00e9ndose por escrito a: Ancope Construcciones. C\/ Camino Viejo de Valencia, 2 &#8211; 03570 Villajoyosa (Alicante), o por correo electr\u00f3nico a: <a href=\"mailto:info@localhost\">info@localhost<\/a>.<br \/>\n[\/vc_column_text][\/vc_column][\/vc_row]\n","protected":false},"excerpt":{"rendered":"<p>[vc_row][vc_column width=&#8221;1\/1&#8243; el_class=&#8221;section { width: 50%; margin: 0 auto; } h1 { position: relative; background: #F5F5F5; } h1:before, h1:after { content: &#8220;&#8221;; position: absolute; background: #F5F5F5; \/* Match the background *\/ top: 0; bottom: 0; width: 9999px; \/* some huge width *\/ } h1:before { right: 100%;<\/p>\n","protected":false},"author":4,"featured_media":0,"parent":0,"menu_order":10,"comment_status":"closed","ping_status":"closed","template":"page-FullWidth.php","meta":{"footnotes":""},"class_list":["post-485","page","type-page","status-publish","hentry"],"_links":{"self":[{"href":"https:\/\/ancopeconstrucciones.es\/en\/wp-json\/wp\/v2\/pages\/485"}],"collection":[{"href":"https:\/\/ancopeconstrucciones.es\/en\/wp-json\/wp\/v2\/pages"}],"about":[{"href":"https:\/\/ancopeconstrucciones.es\/en\/wp-json\/wp\/v2\/types\/page"}],"author":[{"embeddable":true,"href":"https:\/\/ancopeconstrucciones.es\/en\/wp-json\/wp\/v2\/users\/4"}],"replies":[{"embeddable":true,"href":"https:\/\/ancopeconstrucciones.es\/en\/wp-json\/wp\/v2\/comments?post=485"}],"version-history":[{"count":3,"href":"https:\/\/ancopeconstrucciones.es\/en\/wp-json\/wp\/v2\/pages\/485\/revisions"}],"predecessor-version":[{"id":488,"href":"https:\/\/ancopeconstrucciones.es\/en\/wp-json\/wp\/v2\/pages\/485\/revisions\/488"}],"wp:attachment":[{"href":"https:\/\/ancopeconstrucciones.es\/en\/wp-json\/wp\/v2\/media?parent=485"}],"curies":[{"name":"wp","href":"https:\/\/api.w.org\/{rel}","templated":true}]}}